{"id":1780,"date":"2017-12-01T20:01:29","date_gmt":"2017-12-01T17:01:29","guid":{"rendered":"http:\/\/megafonmedya.com\/index.php\/registration\/"},"modified":"2017-12-01T21:31:28","modified_gmt":"2017-12-01T18:31:28","slug":"kayit-ol-2","status":"publish","type":"page","link":"https:\/\/megafonmedya.com\/index.php\/kayit-ol-2\/","title":{"rendered":"<center>Kay\u0131t ol<\/center>"},"content":{"rendered":"<div class=\"piereg_container pieregWrapper\"><div class=\"pieregformWrapper pieregWrapper\"><div id=\"show_pie_register_error_js\" class=\"piereg_entry-content\"><\/div><div id=\"pie_register_reg_form\"><form enctype=\"multipart\/form-data\" class=\"pie_register_reg_form\" id=\"pie_regiser_form\" method=\"post\" action=\"\/index.php\/wp-json\/wp\/v2\/pages\/1780\" data-form=\"1\"><input type=\"hidden\" id=\"piereg_registration_form_nonce\" name=\"piereg_registration_form_nonce\" value=\"c0b79f184a\" \/><input type=\"hidden\" name=\"_wp_http_referer\" value=\"\/index.php\/wp-json\/wp\/v2\/pages\/1780\" \/><div class=\"fieldset \"><h2 id=\"piereg_pie_form_heading\">Kay\u0131t Formu<\/h2><p id=\"piereg_pie_form_desc\" >Please fill in the form below to register.<\/p><\/div><ul id=\"pie_register\"><input type=\"hidden\" value=\"1\" name=\"form_id\" \/><li class=\"fields  pageFields_1 piereg_li_0\"   ><div class=\"fieldset\"><label class=\"\" for=\"username_0\">Kullan\u0131c\u0131 Ad\u0131&nbsp;<span class=\"piereg_field_required_label\">*<\/span><\/label><input id=\"username\" name=\"username\" data-field_id=\"piereg_field_0\" class=\"input_fields  piereg_validate[required,username] piereg_username_input_field \" placeholder=\"\" type=\"text\" value=\"\" data-errormessage-value-missing=\"\"  \/><\/div><\/li><li class=\"fields  pageFields_1 piereg_li_1\"   ><div class=\"fieldset\"><label class=\"\" for=\"email_1\">Email&nbsp;<span class=\"piereg_field_required_label\">*<\/span><\/label><input id=\"email_1\" name=\"e_mail\" data-field_id=\"piereg_field_1\" class=\"input_fields  piereg_validate[required,custom[email]] \"  data-errormessage-custom-error=\"\" placeholder=\"\" type=\"text\" value=\"\" \/><\/div><\/li><li class=\"fields  pageFields_1 piereg_li_2\"   ><div class=\"fieldset\"><label class=\"\" for=\"password_2\">\u015eifre&nbsp;<span class=\"piereg_field_required_label\">*<\/span><\/label><input id=\"password_2\" name=\"password\" data-field_id=\"piereg_field_2\" class=\"input_fields  piereg_validate[minSize[8],required] prPass1\" placeholder=\"\" type=\"password\" data-errormessage-value-missing=\"\" data-errormessage-range-underflow=\"\" data-errormessage-range-overflow=\"\" autocomplete=\"off\" \/><\/div><div class=\"fieldset\"><label>\u015eifre Onayla&nbsp;<span class=\"piereg_field_required_label\">*<\/span><\/label><input id=\"confirm_password_password_2\" type=\"password\" data-errormessage-value-missing=\"\" data-errormessage-range-underflow=\"\" data-errormessage-range-overflow=\"\" class=\"input_fields  piereg_validate[minSize[8],required,equals[password_2]]  prPass2\" placeholder=\"\" autocomplete=\"off\" \/><\/div><input class=\"prMinimumPasswordStrengthlength\" type=\"hidden\" id=\"password_strength_meter_1\" data-id=\"1\" value=\"1\" \/><span class=\"prMinimumPasswordStrengthMessage\" id=\"password_strength_message_1\" style=\"display:none;\">Weak Password<\/span><\/li><li class=\"fields pageFields_1  piereg_li_2\" ><div id=\"password_meter\" class=\"fieldset\" ><label style=\"visibility: hidden;\">Password not entered<\/label><div id=\"piereg_passwordStrength\" class=\"piereg_pass prPasswordStrengthMeter\" >Strength Indicator<\/div><\/div><\/li><li class=\"fields  pageFields_1 piereg_li_3\"   ><div class=\"fieldset\"><label class=\"\" for=\"phone_3\">Telefon&nbsp;<span class=\"piereg_field_required_label\">*<\/span><\/label><input id=\"phone_3\" class=\"input_fields  piereg_validate[required,custom[phone_standard]] \" data-field_id=\"piereg_field_3\"   name=\"phone_3\" type=\"text\" value=\"\" \/><\/div><\/li><li class=\"fields  pageFields_1 piereg_li_4\"   ><div class=\"fieldset\"><label class=\"\" for=\"profile_pic_4\">Profile Picture<\/label><input id=\"profile_pic_4\" data-field_id=\"piereg_field_4\" name=\"profile_pic_4\" class=\"input_fields  piereg_validate[funcCall[checkExtensions],ext[gif|GIF|jpeg|JPEG|jpg|JPG|png|PNG|bmp|BMP]]\"   type=\"file\"  \/><\/div><\/li><li class=\"fields  pageFields_1 piereg_li_7\"   ><div class=\"fieldset\"><div class=\"piereg-html-field-content\" ><pre style=\"font-style: italic;text-align: center\">\r\n<tt><strong><a href=\"http:\/\/megafonmedya.com\/index.php\/uyelik-sozlesmesi\/\" target=\"_blank\"><span style=\"color:#FFA500\">\u00dcyelik S\u00f6zle\u015fmesi Oku<\/span><\/a><\/strong><\/tt><\/pre>\r\n<\/div><\/div><\/li><li class=\"fields parent_uyelik-sozlesmesi\/ pageFields_1 piereg_li_5\"   ><div class=\"fieldset\"><label class=\"\" for=\"checkbox_5\">\u00dcyelik S\u00f6zl\u015fmesi&nbsp;<span class=\"piereg_field_required_label\">*<\/span><\/label><div class=\"radio_wrap\"><div class=\"radio_conatainer\"><input  value=\"\" data-field_id=\"piereg_field_5\" type=\"checkbox\"  name=\"checkbox_5[]\" class=\"input_fields uyelik-sozlesmesi\/ piereg_validate[required] radio_fields\"  data-map-field-by-class=\"checkbox_5\" ><label>Okudum ve kabul ediyorum<\/label><\/div><\/div><\/div><\/li><li class=\"fields  pageFields_1 piereg_li_6\"   ><div class=\"fieldset\"><label class=\"\" for=\"description\">Hakk\u0131n\u0131zda<\/label><textarea name=\"description\" id=\"description\" rows=\"5\" data-field_id=\"piereg_field_6\" cols=\"80\" class=\"\"><\/textarea><\/div><\/li><li class=\"fields  pageFields_1 piereg_li_\"   ><div class=\"fieldset\"><div class=\"pie_wrap_buttons\"><input name=\"pie_submit\" class=\"pie_submit\" type=\"submit\" value=\"Submit\" \/><\/div><\/div><\/li><\/ul><\/form><\/div><\/div><\/div>\n","protected":false},"excerpt":{"rendered":"","protected":false},"author":1,"featured_media":0,"parent":0,"menu_order":0,"comment_status":"closed","ping_status":"closed","template":"","meta":[],"_links":{"self":[{"href":"https:\/\/megafonmedya.com\/index.php\/wp-json\/wp\/v2\/pages\/1780"}],"collection":[{"href":"https:\/\/megafonmedya.com\/index.php\/wp-json\/wp\/v2\/pages"}],"about":[{"href":"https:\/\/megafonmedya.com\/index.php\/wp-json\/wp\/v2\/types\/page"}],"author":[{"embeddable":true,"href":"https:\/\/megafonmedya.com\/index.php\/wp-json\/wp\/v2\/users\/1"}],"replies":[{"embeddable":true,"href":"https:\/\/megafonmedya.com\/index.php\/wp-json\/wp\/v2\/comments?post=1780"}],"version-history":[{"count":2,"href":"https:\/\/megafonmedya.com\/index.php\/wp-json\/wp\/v2\/pages\/1780\/revisions"}],"predecessor-version":[{"id":1814,"href":"https:\/\/megafonmedya.com\/index.php\/wp-json\/wp\/v2\/pages\/1780\/revisions\/1814"}],"wp:attachment":[{"href":"https:\/\/megafonmedya.com\/index.php\/wp-json\/wp\/v2\/media?parent=1780"}],"curies":[{"name":"wp","href":"https:\/\/api.w.org\/{rel}","templated":true}]}}