{"id":190,"date":"2017-08-14T00:31:58","date_gmt":"2017-08-13T21:31:58","guid":{"rendered":"http:\/\/megafonmedya.com\/?page_id=190"},"modified":"2026-01-24T22:10:39","modified_gmt":"2026-01-24T19:10:39","slug":"biz-kimiz","status":"publish","type":"page","link":"https:\/\/megafonmedya.com\/index.php\/biz-kimiz\/","title":{"rendered":"Biz Kimiz"},"content":{"rendered":"<p><img loading=\"lazy\" src=\"http:\/\/megafonmedya.com\/wp-content\/uploads\/2018\/01\/megafon-555.png\" alt=\"\" width=\"971\" height=\"771\" \/><\/p>\n<h4 style=\"text-align: left;\">Medya sekt\u00f6r\u00fcnde 20 y\u0131l\u0131 a\u015fk\u0131n tecr\u00fcbesi bulunan<\/h4>\n<h4 style=\"text-align: left;\"><strong>Megafon Medya<\/strong><\/h4>\n<h4 style=\"text-align: left;\">bu g\u00fcn\u00fcn i\u015fini yar\u0131na b\u0131rakmayan<\/h4>\n<h4 style=\"text-align: left;\">h\u0131zl\u0131, \u00fcretken ve dinamik yap\u0131s\u0131;<\/h4>\n<h4 style=\"text-align: left;\">profesyonel kadrosu ve seslendirme sanat\u00e7\u0131lar\u0131 ile<\/h4>\n<h4 style=\"text-align: left;\">m\u00fc\u015fterilerine her zaman beklentilerinin daha fazlas\u0131n\u0131 sunmay\u0131 ama\u00e7 edinmi\u015ftir.<\/h4>\n<h4 style=\"text-align: left;\">Bizler, Megafondan \u00f6nce bu i\u015fin arka fonunda say\u0131s\u0131z i\u015fe imzas\u0131n\u0131 atan \u00e7ekirdek bir kadro olarak;<\/h4>\n<h4 style=\"text-align: left;\">Tv Reklam<\/h4>\n<h4 style=\"text-align: left;\">Radyo reklam<\/h4>\n<h4 style=\"text-align: left;\">IVR Santral kay\u0131tlar\u0131<\/h4>\n<h4 style=\"text-align: left;\">E\u011fitim okumalar\u0131<\/h4>\n<h4 style=\"text-align: left;\">Belgesel ve Tan\u0131t\u0131m seslendirmeleri<\/h4>\n<h4 style=\"text-align: left;\">Kurumsal anonslar<\/h4>\n<h4 style=\"text-align: left;\">Yabanc\u0131 dil seslendirme<\/h4>\n<h4 style=\"text-align: left;\">Dublaj<\/h4>\n<h4 style=\"text-align: left;\">Jingle<\/h4>\n<h4 style=\"text-align: left;\">Stok m\u00fczik<\/h4>\n<h4 style=\"text-align: left;\">3D Animasyon, gibi<\/h4>\n<h4 style=\"text-align: left;\">i\u00e7erisinde ses bar\u0131nd\u0131ran her projenizde Sesimizin olmas\u0131 gerekti\u011fine inan\u0131yor,<\/h4>\n<h4 style=\"text-align: left;\">teslim etti\u011fimiz her nitelikli i\u015f sonras\u0131nda, artan m\u00fc\u015fteri memnuniyetimiz sayesinde<\/h4>\n<h4 style=\"text-align: left;\">SES\u0130M\u0130ZLE<\/h4>\n<h4 style=\"text-align: left;\">SES GET\u0130RMEYE<\/h4>\n<h4 style=\"text-align: left;\">devam ediyoruz.<\/h4>\n<p style=\"text-align: left;\">\n","protected":false},"excerpt":{"rendered":"<p>Medya sekt\u00f6r\u00fcnde 20 y\u0131l\u0131 a\u015fk\u0131n tecr\u00fcbesi bulunan Megafon Medya bu g\u00fcn\u00fcn i\u015fini yar\u0131na b\u0131rakmayan h\u0131zl\u0131, \u00fcretken ve dinamik yap\u0131s\u0131; profesyonel kadrosu ve seslendirme sanat\u00e7\u0131lar\u0131 ile m\u00fc\u015fterilerine her zaman beklentilerinin daha fazlas\u0131n\u0131 sunmay\u0131 ama\u00e7 edinmi\u015ftir. Bizler, Megafondan \u00f6nce bu i\u015fin arka fonunda say\u0131s\u0131z i\u015fe imzas\u0131n\u0131 atan \u00e7ekirdek bir kadro olarak; Tv Reklam Radyo reklam IVR Santral [&hellip;]<\/p>\n","protected":false},"author":1,"featured_media":0,"parent":0,"menu_order":0,"comment_status":"closed","ping_status":"closed","template":"","meta":[],"_links":{"self":[{"href":"https:\/\/megafonmedya.com\/index.php\/wp-json\/wp\/v2\/pages\/190"}],"collection":[{"href":"https:\/\/megafonmedya.com\/index.php\/wp-json\/wp\/v2\/pages"}],"about":[{"href":"https:\/\/megafonmedya.com\/index.php\/wp-json\/wp\/v2\/types\/page"}],"author":[{"embeddable":true,"href":"https:\/\/megafonmedya.com\/index.php\/wp-json\/wp\/v2\/users\/1"}],"replies":[{"embeddable":true,"href":"https:\/\/megafonmedya.com\/index.php\/wp-json\/wp\/v2\/comments?post=190"}],"version-history":[{"count":37,"href":"https:\/\/megafonmedya.com\/index.php\/wp-json\/wp\/v2\/pages\/190\/revisions"}],"predecessor-version":[{"id":3318,"href":"https:\/\/megafonmedya.com\/index.php\/wp-json\/wp\/v2\/pages\/190\/revisions\/3318"}],"wp:attachment":[{"href":"https:\/\/megafonmedya.com\/index.php\/wp-json\/wp\/v2\/media?parent=190"}],"curies":[{"name":"wp","href":"https:\/\/api.w.org\/{rel}","templated":true}]}}