{"id":2135,"date":"2017-12-26T02:28:13","date_gmt":"2017-12-25T23:28:13","guid":{"rendered":"http:\/\/megafonmedya.com\/?page_id=2135"},"modified":"2017-12-26T02:28:13","modified_gmt":"2017-12-25T23:28:13","slug":"uyelik-sozlesmesi","status":"publish","type":"page","link":"https:\/\/megafonmedya.com\/index.php\/uyelik-sozlesmesi\/","title":{"rendered":"\u00dcyelik S\u00f6zle\u015fmesi"},"content":{"rendered":"","protected":false},"excerpt":{"rendered":"","protected":false},"author":1,"featured_media":0,"parent":0,"menu_order":0,"comment_status":"closed","ping_status":"closed","template":"","meta":[],"_links":{"self":[{"href":"https:\/\/megafonmedya.com\/index.php\/wp-json\/wp\/v2\/pages\/2135"}],"collection":[{"href":"https:\/\/megafonmedya.com\/index.php\/wp-json\/wp\/v2\/pages"}],"about":[{"href":"https:\/\/megafonmedya.com\/index.php\/wp-json\/wp\/v2\/types\/page"}],"author":[{"embeddable":true,"href":"https:\/\/megafonmedya.com\/index.php\/wp-json\/wp\/v2\/users\/1"}],"replies":[{"embeddable":true,"href":"https:\/\/megafonmedya.com\/index.php\/wp-json\/wp\/v2\/comments?post=2135"}],"version-history":[{"count":1,"href":"https:\/\/megafonmedya.com\/index.php\/wp-json\/wp\/v2\/pages\/2135\/revisions"}],"predecessor-version":[{"id":2138,"href":"https:\/\/megafonmedya.com\/index.php\/wp-json\/wp\/v2\/pages\/2135\/revisions\/2138"}],"wp:attachment":[{"href":"https:\/\/megafonmedya.com\/index.php\/wp-json\/wp\/v2\/media?parent=2135"}],"curies":[{"name":"wp","href":"https:\/\/api.w.org\/{rel}","templated":true}]}}