{"id":2419,"date":"2018-02-14T11:35:15","date_gmt":"2018-02-14T08:35:15","guid":{"rendered":"http:\/\/megafonmedya.com\/?page_id=2419"},"modified":"2026-04-11T17:34:06","modified_gmt":"2026-04-11T14:34:06","slug":"santral","status":"publish","type":"page","link":"https:\/\/megafonmedya.com\/index.php\/santral\/","title":{"rendered":"<center>Santral<\/center>"},"content":{"rendered":"<p>\t\t\t\t<img src=\"http:\/\/megafonmedya.com\/wp-content\/uploads\/2018\/02\/Santralmega.png\" alt=\"Santralmega\" itemprop=\"image\"  \/><br \/>\n\t\t\tSANTRAL SESLER\u0130M\u0130Z<br \/>\n\t\t<!--[if lt IE 9]><script>document.createElement('audio');<\/script><![endif]-->\n\t<div class=\"wp-playlist wp-audio-playlist wp-playlist-light\">\n\t\t\t<div class=\"wp-playlist-current-item\"><\/div>\n\t\t<audio controls=\"controls\" preload=\"none\" width=\"1058\"\n\t\t\t><\/audio>\n\t<div class=\"wp-playlist-next\"><\/div>\n\t<div class=\"wp-playlist-prev\"><\/div>\n\t<noscript>\n\t<ol>\n\t\t<li><a href='https:\/\/megafonmedya.com\/wp-content\/uploads\/2018\/02\/EMEL-\u00d6.mp3'>EMEL-\u00d6<\/a><\/li><li><a href='https:\/\/megafonmedya.com\/wp-content\/uploads\/2025\/01\/ISLIM.mp3'>\u0130SL\u0130M<\/a><\/li><li><a href='https:\/\/megafonmedya.com\/wp-content\/uploads\/2025\/01\/MUZEYYEN.mp3'>M\u00dcZEYYEN<\/a><\/li><li><a href='https:\/\/megafonmedya.com\/wp-content\/uploads\/2023\/04\/SULTAN.mp3'>SULTAN<\/a><\/li>\t<\/ol>\n\t<\/noscript>\n\t<script type=\"application\/json\" class=\"wp-playlist-script\">{\"type\":\"audio\",\"tracklist\":true,\"tracknumbers\":true,\"images\":true,\"artists\":true,\"tracks\":[{\"src\":\"https:\\\/\\\/megafonmedya.com\\\/wp-content\\\/uploads\\\/2018\\\/02\\\/EMEL-\\u00d6.mp3\",\"type\":\"audio\\\/mpeg\",\"title\":\"EMEL-\\u00d6\",\"caption\":\"\",\"description\":\"\\\"EMEL-\\u00d6\\\". Yay\\u0131n: 2017. T\\u00fcr: Blues.\",\"meta\":{\"genre\":\"Blues\",\"year\":\"2017\",\"length_formatted\":\"0:21\"},\"image\":{\"src\":\"https:\\\/\\\/megafonmedya.com\\\/wp-includes\\\/images\\\/media\\\/audio.png\",\"width\":48,\"height\":64},\"thumb\":{\"src\":\"https:\\\/\\\/megafonmedya.com\\\/wp-includes\\\/images\\\/media\\\/audio.png\",\"width\":48,\"height\":64}},{\"src\":\"https:\\\/\\\/megafonmedya.com\\\/wp-content\\\/uploads\\\/2025\\\/01\\\/ISLIM.mp3\",\"type\":\"audio\\\/mpeg\",\"title\":\"\\u0130SL\\u0130M\",\"caption\":\"\",\"description\":\"\\\"\\u0130SL\\u0130M\\\". Yay\\u0131n: 2024.\",\"meta\":{\"year\":\"2024\",\"length_formatted\":\"0:11\"},\"image\":{\"src\":\"https:\\\/\\\/megafonmedya.com\\\/wp-includes\\\/images\\\/media\\\/audio.png\",\"width\":48,\"height\":64},\"thumb\":{\"src\":\"https:\\\/\\\/megafonmedya.com\\\/wp-includes\\\/images\\\/media\\\/audio.png\",\"width\":48,\"height\":64}},{\"src\":\"https:\\\/\\\/megafonmedya.com\\\/wp-content\\\/uploads\\\/2025\\\/01\\\/MUZEYYEN.mp3\",\"type\":\"audio\\\/mpeg\",\"title\":\"M\\u00dcZEYYEN\",\"caption\":\"\",\"description\":\"\\\"M\\u00dcZEYYEN\\\". Yay\\u0131n: 2024. T\\u00fcr: Blues.\",\"meta\":{\"genre\":\"Blues\",\"year\":\"2024\",\"length_formatted\":\"0:18\"},\"image\":{\"src\":\"https:\\\/\\\/megafonmedya.com\\\/wp-includes\\\/images\\\/media\\\/audio.png\",\"width\":48,\"height\":64},\"thumb\":{\"src\":\"https:\\\/\\\/megafonmedya.com\\\/wp-includes\\\/images\\\/media\\\/audio.png\",\"width\":48,\"height\":64}},{\"src\":\"https:\\\/\\\/megafonmedya.com\\\/wp-content\\\/uploads\\\/2023\\\/04\\\/SULTAN.mp3\",\"type\":\"audio\\\/mpeg\",\"title\":\"SULTAN\",\"caption\":\"\",\"description\":\"\\\"SULTAN\\\". Yay\\u0131n: 2023.\",\"meta\":{\"year\":\"2023\",\"length_formatted\":\"0:16\"},\"image\":{\"src\":\"https:\\\/\\\/megafonmedya.com\\\/wp-includes\\\/images\\\/media\\\/audio.png\",\"width\":48,\"height\":64},\"thumb\":{\"src\":\"https:\\\/\\\/megafonmedya.com\\\/wp-includes\\\/images\\\/media\\\/audio.png\",\"width\":48,\"height\":64}}]}<\/script>\n<\/div>\n\t<br \/>\n\t\t\tSANTRAL M\u00dcZ\u0130KLER\u0130M\u0130Z<br \/>\n\t\t<div class=\"wp-playlist wp-audio-playlist wp-playlist-light\">\n\t\t\t<div class=\"wp-playlist-current-item\"><\/div>\n\t\t<audio controls=\"controls\" preload=\"none\" width=\"1058\"\n\t\t\t><\/audio>\n\t<div class=\"wp-playlist-next\"><\/div>\n\t<div class=\"wp-playlist-prev\"><\/div>\n\t<noscript>\n\t<ol>\n\t\t<li><a href='https:\/\/megafonmedya.com\/wp-content\/uploads\/2018\/02\/SANTRAL-M\u00dcZ\u0130K-1.mp3'>SANTRAL M\u00dcZ\u0130K 1<\/a><\/li><li><a href='https:\/\/megafonmedya.com\/wp-content\/uploads\/2018\/02\/SANTRAL-M\u00dcZ\u0130K-2.mp3'>SANTRAL M\u00dcZ\u0130K 2<\/a><\/li><li><a href='https:\/\/megafonmedya.com\/wp-content\/uploads\/2018\/02\/SANTRAL-M\u00dcZ\u0130K-3.mp3'>SANTRAL M\u00dcZ\u0130K 3<\/a><\/li><li><a href='https:\/\/megafonmedya.com\/wp-content\/uploads\/2018\/02\/SANTRAL-M\u00dcZ\u0130K-4.mp3'>SANTRAL M\u00dcZ\u0130K 4<\/a><\/li><li><a href='https:\/\/megafonmedya.com\/wp-content\/uploads\/2018\/02\/SANTRAL-M\u00dcZ\u0130K-5.mp3'>SANTRAL M\u00dcZ\u0130K 5<\/a><\/li><li><a href='https:\/\/megafonmedya.com\/wp-content\/uploads\/2018\/02\/SANTRAL-M\u00dcZ\u0130K-6.mp3'>SANTRAL M\u00dcZ\u0130K 6<\/a><\/li><li><a href='https:\/\/megafonmedya.com\/wp-content\/uploads\/2018\/08\/SANTRAL-M\u00dcZ\u0130K-7.mp3'>SANTRAL M\u00dcZ\u0130K 7<\/a><\/li><li><a href='https:\/\/megafonmedya.com\/wp-content\/uploads\/2018\/02\/SANTRAL-M\u00dcZ\u0130K-8.mp3'>SANTRAL M\u00dcZ\u0130K 8<\/a><\/li><li><a href='https:\/\/megafonmedya.com\/wp-content\/uploads\/2018\/02\/SANTRAL-M\u00dcZ\u0130K-9.mp3'>SANTRAL M\u00dcZ\u0130K 9<\/a><\/li><li><a href='https:\/\/megafonmedya.com\/wp-content\/uploads\/2020\/11\/SANTRAL-M\u00dcZ\u0130K-10.mp3'>SANTRAL-M\u00dcZ\u0130K-10<\/a><\/li><li><a href='https:\/\/megafonmedya.com\/wp-content\/uploads\/2020\/11\/SANTRAL-M\u00dcZ\u0130K-11.mp3'>SANTRAL-M\u00dcZ\u0130K-11<\/a><\/li><li><a href='https:\/\/megafonmedya.com\/wp-content\/uploads\/2020\/11\/SANTRAL-M\u00dcZ\u0130K-12.mp3'>SANTRAL-M\u00dcZ\u0130K-12<\/a><\/li><li><a href='https:\/\/megafonmedya.com\/wp-content\/uploads\/2020\/11\/SANTRAL-M\u00dcZ\u0130K-13.mp3'>SANTRAL-M\u00dcZ\u0130K-13<\/a><\/li><li><a href='https:\/\/megafonmedya.com\/wp-content\/uploads\/2020\/11\/SANTRAL-M\u00dcZ\u0130K-14.mp3'>SANTRAL-M\u00dcZ\u0130K-14<\/a><\/li><li><a href='https:\/\/megafonmedya.com\/wp-content\/uploads\/2020\/11\/SANTRAL-M\u00dcZ\u0130K-15.mp3'>SANTRAL-M\u00dcZ\u0130K-15<\/a><\/li><li><a href='https:\/\/megafonmedya.com\/wp-content\/uploads\/2020\/11\/SANTRAL-M\u00dcZ\u0130K-16.mp3'>SANTRAL-M\u00dcZ\u0130K-16<\/a><\/li><li><a href='https:\/\/megafonmedya.com\/wp-content\/uploads\/2020\/11\/SANTRAL-M\u00dcZ\u0130K-17.mp3'>SANTRAL-M\u00dcZ\u0130K-17<\/a><\/li><li><a href='https:\/\/megafonmedya.com\/wp-content\/uploads\/2020\/11\/SANTRAL-M\u00dcZ\u0130K-18.mp3'>SANTRAL-M\u00dcZ\u0130K-18<\/a><\/li><li><a href='https:\/\/megafonmedya.com\/wp-content\/uploads\/2020\/11\/SANTRAL-M\u00dcZ\u0130K-19.mp3'>SANTRAL-M\u00dcZ\u0130K-19<\/a><\/li><li><a href='https:\/\/megafonmedya.com\/wp-content\/uploads\/2025\/10\/SANTRAL-MUZIK-20.mp3'>SANTRAL-M\u00dcZ\u0130K-20<\/a><\/li>\t<\/ol>\n\t<\/noscript>\n\t<script type=\"application\/json\" class=\"wp-playlist-script\">{\"type\":\"audio\",\"tracklist\":true,\"tracknumbers\":true,\"images\":true,\"artists\":true,\"tracks\":[{\"src\":\"https:\\\/\\\/megafonmedya.com\\\/wp-content\\\/uploads\\\/2018\\\/02\\\/SANTRAL-M\\u00dcZ\\u0130K-1.mp3\",\"type\":\"audio\\\/mpeg\",\"title\":\"SANTRAL M\\u00dcZ\\u0130K 1\",\"caption\":\"\",\"description\":\"\\\"SANTRAL M\\u00dcZ\\u0130K 1\\\". T\\u00fcr: Blues.\",\"meta\":{\"genre\":\"Blues\",\"length_formatted\":\"0:22\"},\"image\":{\"src\":\"https:\\\/\\\/megafonmedya.com\\\/wp-includes\\\/images\\\/media\\\/audio.png\",\"width\":48,\"height\":64},\"thumb\":{\"src\":\"https:\\\/\\\/megafonmedya.com\\\/wp-includes\\\/images\\\/media\\\/audio.png\",\"width\":48,\"height\":64}},{\"src\":\"https:\\\/\\\/megafonmedya.com\\\/wp-content\\\/uploads\\\/2018\\\/02\\\/SANTRAL-M\\u00dcZ\\u0130K-2.mp3\",\"type\":\"audio\\\/mpeg\",\"title\":\"SANTRAL M\\u00dcZ\\u0130K 2\",\"caption\":\"\",\"description\":\"\\\"SANTRAL M\\u00dcZ\\u0130K 2\\\". Yay\\u0131n: 2018. T\\u00fcr: Blues.\",\"meta\":{\"genre\":\"Blues\",\"year\":\"2018\",\"length_formatted\":\"0:28\"},\"image\":{\"src\":\"https:\\\/\\\/megafonmedya.com\\\/wp-includes\\\/images\\\/media\\\/audio.png\",\"width\":48,\"height\":64},\"thumb\":{\"src\":\"https:\\\/\\\/megafonmedya.com\\\/wp-includes\\\/images\\\/media\\\/audio.png\",\"width\":48,\"height\":64}},{\"src\":\"https:\\\/\\\/megafonmedya.com\\\/wp-content\\\/uploads\\\/2018\\\/02\\\/SANTRAL-M\\u00dcZ\\u0130K-3.mp3\",\"type\":\"audio\\\/mpeg\",\"title\":\"SANTRAL M\\u00dcZ\\u0130K 3\",\"caption\":\"\",\"description\":\"\\\"SANTRAL M\\u00dcZ\\u0130K 3\\\". Yay\\u0131n: 2018.\",\"meta\":{\"year\":\"2018\",\"length_formatted\":\"0:32\"},\"image\":{\"src\":\"https:\\\/\\\/megafonmedya.com\\\/wp-includes\\\/images\\\/media\\\/audio.png\",\"width\":48,\"height\":64},\"thumb\":{\"src\":\"https:\\\/\\\/megafonmedya.com\\\/wp-includes\\\/images\\\/media\\\/audio.png\",\"width\":48,\"height\":64}},{\"src\":\"https:\\\/\\\/megafonmedya.com\\\/wp-content\\\/uploads\\\/2018\\\/02\\\/SANTRAL-M\\u00dcZ\\u0130K-4.mp3\",\"type\":\"audio\\\/mpeg\",\"title\":\"SANTRAL M\\u00dcZ\\u0130K 4\",\"caption\":\"\",\"description\":\"\\\"SANTRAL M\\u00dcZ\\u0130K 4\\\". T\\u00fcr: Blues.\",\"meta\":{\"genre\":\"Blues\",\"length_formatted\":\"0:37\"},\"image\":{\"src\":\"https:\\\/\\\/megafonmedya.com\\\/wp-includes\\\/images\\\/media\\\/audio.png\",\"width\":48,\"height\":64},\"thumb\":{\"src\":\"https:\\\/\\\/megafonmedya.com\\\/wp-includes\\\/images\\\/media\\\/audio.png\",\"width\":48,\"height\":64}},{\"src\":\"https:\\\/\\\/megafonmedya.com\\\/wp-content\\\/uploads\\\/2018\\\/02\\\/SANTRAL-M\\u00dcZ\\u0130K-5.mp3\",\"type\":\"audio\\\/mpeg\",\"title\":\"SANTRAL M\\u00dcZ\\u0130K 5\",\"caption\":\"\",\"description\":\"\\\"SANTRAL M\\u00dcZ\\u0130K 5\\\". T\\u00fcr: Blues.\",\"meta\":{\"genre\":\"Blues\",\"length_formatted\":\"0:32\"},\"image\":{\"src\":\"https:\\\/\\\/megafonmedya.com\\\/wp-includes\\\/images\\\/media\\\/audio.png\",\"width\":48,\"height\":64},\"thumb\":{\"src\":\"https:\\\/\\\/megafonmedya.com\\\/wp-includes\\\/images\\\/media\\\/audio.png\",\"width\":48,\"height\":64}},{\"src\":\"https:\\\/\\\/megafonmedya.com\\\/wp-content\\\/uploads\\\/2018\\\/02\\\/SANTRAL-M\\u00dcZ\\u0130K-6.mp3\",\"type\":\"audio\\\/mpeg\",\"title\":\"SANTRAL M\\u00dcZ\\u0130K 6\",\"caption\":\"\",\"description\":\"\\\"SANTRAL M\\u00dcZ\\u0130K 6\\\". Yay\\u0131n: 2018.\",\"meta\":{\"year\":\"2018\",\"length_formatted\":\"0:25\"},\"image\":{\"src\":\"https:\\\/\\\/megafonmedya.com\\\/wp-includes\\\/images\\\/media\\\/audio.png\",\"width\":48,\"height\":64},\"thumb\":{\"src\":\"https:\\\/\\\/megafonmedya.com\\\/wp-includes\\\/images\\\/media\\\/audio.png\",\"width\":48,\"height\":64}},{\"src\":\"https:\\\/\\\/megafonmedya.com\\\/wp-content\\\/uploads\\\/2018\\\/08\\\/SANTRAL-M\\u00dcZ\\u0130K-7.mp3\",\"type\":\"audio\\\/mpeg\",\"title\":\"SANTRAL M\\u00dcZ\\u0130K 7\",\"caption\":\"\",\"description\":\"\\\"SANTRAL M\\u00dcZ\\u0130K 7\\\". Yay\\u0131n: 2018. T\\u00fcr: Blues.\",\"meta\":{\"genre\":\"Blues\",\"year\":\"2018\",\"length_formatted\":\"0:24\"},\"image\":{\"src\":\"https:\\\/\\\/megafonmedya.com\\\/wp-includes\\\/images\\\/media\\\/audio.png\",\"width\":48,\"height\":64},\"thumb\":{\"src\":\"https:\\\/\\\/megafonmedya.com\\\/wp-includes\\\/images\\\/media\\\/audio.png\",\"width\":48,\"height\":64}},{\"src\":\"https:\\\/\\\/megafonmedya.com\\\/wp-content\\\/uploads\\\/2018\\\/02\\\/SANTRAL-M\\u00dcZ\\u0130K-8.mp3\",\"type\":\"audio\\\/mpeg\",\"title\":\"SANTRAL M\\u00dcZ\\u0130K 8\",\"caption\":\"\",\"description\":\"\\\"SANTRAL M\\u00dcZ\\u0130K 8\\\". T\\u00fcr: Blues.\",\"meta\":{\"genre\":\"Blues\",\"length_formatted\":\"0:35\"},\"image\":{\"src\":\"https:\\\/\\\/megafonmedya.com\\\/wp-includes\\\/images\\\/media\\\/audio.png\",\"width\":48,\"height\":64},\"thumb\":{\"src\":\"https:\\\/\\\/megafonmedya.com\\\/wp-includes\\\/images\\\/media\\\/audio.png\",\"width\":48,\"height\":64}},{\"src\":\"https:\\\/\\\/megafonmedya.com\\\/wp-content\\\/uploads\\\/2018\\\/02\\\/SANTRAL-M\\u00dcZ\\u0130K-9.mp3\",\"type\":\"audio\\\/mpeg\",\"title\":\"SANTRAL M\\u00dcZ\\u0130K 9\",\"caption\":\"\",\"description\":\"\\\"SANTRAL M\\u00dcZ\\u0130K 9\\\". T\\u00fcr: Blues.\",\"meta\":{\"genre\":\"Blues\",\"length_formatted\":\"0:31\"},\"image\":{\"src\":\"https:\\\/\\\/megafonmedya.com\\\/wp-includes\\\/images\\\/media\\\/audio.png\",\"width\":48,\"height\":64},\"thumb\":{\"src\":\"https:\\\/\\\/megafonmedya.com\\\/wp-includes\\\/images\\\/media\\\/audio.png\",\"width\":48,\"height\":64}},{\"src\":\"https:\\\/\\\/megafonmedya.com\\\/wp-content\\\/uploads\\\/2020\\\/11\\\/SANTRAL-M\\u00dcZ\\u0130K-10.mp3\",\"type\":\"audio\\\/mpeg\",\"title\":\"SANTRAL-M\\u00dcZ\\u0130K-10\",\"caption\":\"\",\"description\":\"\\\"SANTRAL-M\\u00dcZ\\u0130K-10\\\". Yay\\u0131n: 2018.\",\"meta\":{\"year\":\"2018\",\"length_formatted\":\"0:22\"},\"image\":{\"src\":\"https:\\\/\\\/megafonmedya.com\\\/wp-includes\\\/images\\\/media\\\/audio.png\",\"width\":48,\"height\":64},\"thumb\":{\"src\":\"https:\\\/\\\/megafonmedya.com\\\/wp-includes\\\/images\\\/media\\\/audio.png\",\"width\":48,\"height\":64}},{\"src\":\"https:\\\/\\\/megafonmedya.com\\\/wp-content\\\/uploads\\\/2020\\\/11\\\/SANTRAL-M\\u00dcZ\\u0130K-11.mp3\",\"type\":\"audio\\\/mpeg\",\"title\":\"SANTRAL-M\\u00dcZ\\u0130K-11\",\"caption\":\"\",\"description\":\"\\\"SANTRAL-M\\u00dcZ\\u0130K-11\\\". Yay\\u0131n: 2018.\",\"meta\":{\"year\":\"2018\",\"length_formatted\":\"0:30\"},\"image\":{\"src\":\"https:\\\/\\\/megafonmedya.com\\\/wp-includes\\\/images\\\/media\\\/audio.png\",\"width\":48,\"height\":64},\"thumb\":{\"src\":\"https:\\\/\\\/megafonmedya.com\\\/wp-includes\\\/images\\\/media\\\/audio.png\",\"width\":48,\"height\":64}},{\"src\":\"https:\\\/\\\/megafonmedya.com\\\/wp-content\\\/uploads\\\/2020\\\/11\\\/SANTRAL-M\\u00dcZ\\u0130K-12.mp3\",\"type\":\"audio\\\/mpeg\",\"title\":\"SANTRAL-M\\u00dcZ\\u0130K-12\",\"caption\":\"\",\"description\":\"\\\"SANTRAL-M\\u00dcZ\\u0130K-12\\\". Yay\\u0131n: 2018.\",\"meta\":{\"year\":\"2018\",\"length_formatted\":\"0:30\"},\"image\":{\"src\":\"https:\\\/\\\/megafonmedya.com\\\/wp-includes\\\/images\\\/media\\\/audio.png\",\"width\":48,\"height\":64},\"thumb\":{\"src\":\"https:\\\/\\\/megafonmedya.com\\\/wp-includes\\\/images\\\/media\\\/audio.png\",\"width\":48,\"height\":64}},{\"src\":\"https:\\\/\\\/megafonmedya.com\\\/wp-content\\\/uploads\\\/2020\\\/11\\\/SANTRAL-M\\u00dcZ\\u0130K-13.mp3\",\"type\":\"audio\\\/mpeg\",\"title\":\"SANTRAL-M\\u00dcZ\\u0130K-13\",\"caption\":\"\",\"description\":\"\\\"SANTRAL-M\\u00dcZ\\u0130K-13\\\". Yay\\u0131n: 2018.\",\"meta\":{\"year\":\"2018\",\"length_formatted\":\"0:18\"},\"image\":{\"src\":\"https:\\\/\\\/megafonmedya.com\\\/wp-includes\\\/images\\\/media\\\/audio.png\",\"width\":48,\"height\":64},\"thumb\":{\"src\":\"https:\\\/\\\/megafonmedya.com\\\/wp-includes\\\/images\\\/media\\\/audio.png\",\"width\":48,\"height\":64}},{\"src\":\"https:\\\/\\\/megafonmedya.com\\\/wp-content\\\/uploads\\\/2020\\\/11\\\/SANTRAL-M\\u00dcZ\\u0130K-14.mp3\",\"type\":\"audio\\\/mpeg\",\"title\":\"SANTRAL-M\\u00dcZ\\u0130K-14\",\"caption\":\"\",\"description\":\"\\\"SANTRAL-M\\u00dcZ\\u0130K-14\\\". Yay\\u0131n: 2018.\",\"meta\":{\"year\":\"2018\",\"length_formatted\":\"0:24\"},\"image\":{\"src\":\"https:\\\/\\\/megafonmedya.com\\\/wp-includes\\\/images\\\/media\\\/audio.png\",\"width\":48,\"height\":64},\"thumb\":{\"src\":\"https:\\\/\\\/megafonmedya.com\\\/wp-includes\\\/images\\\/media\\\/audio.png\",\"width\":48,\"height\":64}},{\"src\":\"https:\\\/\\\/megafonmedya.com\\\/wp-content\\\/uploads\\\/2020\\\/11\\\/SANTRAL-M\\u00dcZ\\u0130K-15.mp3\",\"type\":\"audio\\\/mpeg\",\"title\":\"SANTRAL-M\\u00dcZ\\u0130K-15\",\"caption\":\"\",\"description\":\"\\\"SANTRAL-M\\u00dcZ\\u0130K-15\\\". Yay\\u0131n: 2018.\",\"meta\":{\"year\":\"2018\",\"length_formatted\":\"0:24\"},\"image\":{\"src\":\"https:\\\/\\\/megafonmedya.com\\\/wp-includes\\\/images\\\/media\\\/audio.png\",\"width\":48,\"height\":64},\"thumb\":{\"src\":\"https:\\\/\\\/megafonmedya.com\\\/wp-includes\\\/images\\\/media\\\/audio.png\",\"width\":48,\"height\":64}},{\"src\":\"https:\\\/\\\/megafonmedya.com\\\/wp-content\\\/uploads\\\/2020\\\/11\\\/SANTRAL-M\\u00dcZ\\u0130K-16.mp3\",\"type\":\"audio\\\/mpeg\",\"title\":\"SANTRAL-M\\u00dcZ\\u0130K-16\",\"caption\":\"\",\"description\":\"\\\"SANTRAL-M\\u00dcZ\\u0130K-16\\\". Yay\\u0131n: 2019.\",\"meta\":{\"year\":\"2019\",\"length_formatted\":\"0:24\"},\"image\":{\"src\":\"https:\\\/\\\/megafonmedya.com\\\/wp-includes\\\/images\\\/media\\\/audio.png\",\"width\":48,\"height\":64},\"thumb\":{\"src\":\"https:\\\/\\\/megafonmedya.com\\\/wp-includes\\\/images\\\/media\\\/audio.png\",\"width\":48,\"height\":64}},{\"src\":\"https:\\\/\\\/megafonmedya.com\\\/wp-content\\\/uploads\\\/2020\\\/11\\\/SANTRAL-M\\u00dcZ\\u0130K-17.mp3\",\"type\":\"audio\\\/mpeg\",\"title\":\"SANTRAL-M\\u00dcZ\\u0130K-17\",\"caption\":\"\",\"description\":\"\\\"SANTRAL-M\\u00dcZ\\u0130K-17\\\". Yay\\u0131n: 2019. T\\u00fcr: Blues.\",\"meta\":{\"genre\":\"Blues\",\"year\":\"2019\",\"length_formatted\":\"0:18\"},\"image\":{\"src\":\"https:\\\/\\\/megafonmedya.com\\\/wp-includes\\\/images\\\/media\\\/audio.png\",\"width\":48,\"height\":64},\"thumb\":{\"src\":\"https:\\\/\\\/megafonmedya.com\\\/wp-includes\\\/images\\\/media\\\/audio.png\",\"width\":48,\"height\":64}},{\"src\":\"https:\\\/\\\/megafonmedya.com\\\/wp-content\\\/uploads\\\/2020\\\/11\\\/SANTRAL-M\\u00dcZ\\u0130K-18.mp3\",\"type\":\"audio\\\/mpeg\",\"title\":\"SANTRAL-M\\u00dcZ\\u0130K-18\",\"caption\":\"\",\"description\":\"\\\"SANTRAL-M\\u00dcZ\\u0130K-18\\\". T\\u00fcr: Blues.\",\"meta\":{\"genre\":\"Blues\",\"length_formatted\":\"0:24\"},\"image\":{\"src\":\"https:\\\/\\\/megafonmedya.com\\\/wp-includes\\\/images\\\/media\\\/audio.png\",\"width\":48,\"height\":64},\"thumb\":{\"src\":\"https:\\\/\\\/megafonmedya.com\\\/wp-includes\\\/images\\\/media\\\/audio.png\",\"width\":48,\"height\":64}},{\"src\":\"https:\\\/\\\/megafonmedya.com\\\/wp-content\\\/uploads\\\/2020\\\/11\\\/SANTRAL-M\\u00dcZ\\u0130K-19.mp3\",\"type\":\"audio\\\/mpeg\",\"title\":\"SANTRAL-M\\u00dcZ\\u0130K-19\",\"caption\":\"\",\"description\":\"\\\"SANTRAL-M\\u00dcZ\\u0130K-19\\\". Yay\\u0131n: 2019.\",\"meta\":{\"year\":\"2019\",\"length_formatted\":\"0:28\"},\"image\":{\"src\":\"https:\\\/\\\/megafonmedya.com\\\/wp-includes\\\/images\\\/media\\\/audio.png\",\"width\":48,\"height\":64},\"thumb\":{\"src\":\"https:\\\/\\\/megafonmedya.com\\\/wp-includes\\\/images\\\/media\\\/audio.png\",\"width\":48,\"height\":64}},{\"src\":\"https:\\\/\\\/megafonmedya.com\\\/wp-content\\\/uploads\\\/2025\\\/10\\\/SANTRAL-MUZIK-20.mp3\",\"type\":\"audio\\\/mpeg\",\"title\":\"SANTRAL-M\\u00dcZ\\u0130K-20\",\"caption\":\"\",\"description\":\"\\\"SANTRAL-M\\u00dcZ\\u0130K-20\\\". Yay\\u0131n: 2025.\",\"meta\":{\"year\":\"2025\",\"length_formatted\":\"0:53\"},\"image\":{\"src\":\"https:\\\/\\\/megafonmedya.com\\\/wp-includes\\\/images\\\/media\\\/audio.png\",\"width\":48,\"height\":64},\"thumb\":{\"src\":\"https:\\\/\\\/megafonmedya.com\\\/wp-includes\\\/images\\\/media\\\/audio.png\",\"width\":48,\"height\":64}}]}<\/script>\n<\/div>\n\t<br \/>\n\u00a0<\/p>\n","protected":false},"excerpt":{"rendered":"<p>SANTRAL SESLER\u0130M\u0130Z SANTRAL M\u00dcZ\u0130KLER\u0130M\u0130Z \u00a0<\/p>\n","protected":false},"author":1,"featured_media":0,"parent":0,"menu_order":0,"comment_status":"closed","ping_status":"closed","template":"","meta":[],"_links":{"self":[{"href":"https:\/\/megafonmedya.com\/index.php\/wp-json\/wp\/v2\/pages\/2419"}],"collection":[{"href":"https:\/\/megafonmedya.com\/index.php\/wp-json\/wp\/v2\/pages"}],"about":[{"href":"https:\/\/megafonmedya.com\/index.php\/wp-json\/wp\/v2\/types\/page"}],"author":[{"embeddable":true,"href":"https:\/\/megafonmedya.com\/index.php\/wp-json\/wp\/v2\/users\/1"}],"replies":[{"embeddable":true,"href":"https:\/\/megafonmedya.com\/index.php\/wp-json\/wp\/v2\/comments?post=2419"}],"version-history":[{"count":27,"href":"https:\/\/megafonmedya.com\/index.php\/wp-json\/wp\/v2\/pages\/2419\/revisions"}],"predecessor-version":[{"id":3345,"href":"https:\/\/megafonmedya.com\/index.php\/wp-json\/wp\/v2\/pages\/2419\/revisions\/3345"}],"wp:attachment":[{"href":"https:\/\/megafonmedya.com\/index.php\/wp-json\/wp\/v2\/media?parent=2419"}],"curies":[{"name":"wp","href":"https:\/\/api.w.org\/{rel}","templated":true}]}}