{"id":7,"date":"2017-08-12T23:48:05","date_gmt":"2017-08-12T20:48:05","guid":{"rendered":"http:\/\/megafonmedya.com\/?page_id=7"},"modified":"2026-04-03T16:00:20","modified_gmt":"2026-04-03T13:00:20","slug":"ana-sayfa","status":"publish","type":"page","link":"https:\/\/megafonmedya.com\/","title":{"rendered":"Ana sayfa"},"content":{"rendered":"<p>\t\t\t\t<img src=\"https:\/\/megafonmedya.com\/wp-content\/uploads\/2018\/04\/1.jpg\" alt=\"1\" itemprop=\"image\"  \/><\/p>\n<h2>\n\t\tSESLEND\u0130RME VE PROD\u00dcKS\u0130YON AJANSI<br \/>\n\t<\/h2>\n<h2 style=\"text-align: center;\"><strong>Megafon Medya<\/strong><\/h2>\n<h2 style=\"text-align: center;\">bug\u00fcn\u00fcn i\u015fini yar\u0131na b\u0131rakmayan<\/h2>\n<h2 style=\"text-align: center;\">h\u0131zl\u0131, \u00fcretken ve dinamik yap\u0131s\u0131;<\/h2>\n<h2 style=\"text-align: center;\">profesyonel kadrosu ve seslendirme sanat\u00e7\u0131lar\u0131 ile<\/h2>\n<h2 style=\"text-align: center;\">m\u00fc\u015fterilerine her zaman<\/h2>\n<h2 style=\"text-align: center;\">beklentilerinin daha fazlas\u0131n\u0131 sunmay\u0131<\/h2>\n<h2 style=\"text-align: center;\">ama\u00e7 edinmi\u015ftir.<\/h2>\n<p>\t\t\t\t<img src=\"https:\/\/megafonmedya.com\/wp-content\/uploads\/2020\/04\/mm2.png\" alt=\"mm2\" itemprop=\"image\"  \/><\/p>\n<h2 style=\"text-align: center;\"><strong>GEL\u0130\u015eM\u0130\u015e ST\u00dcDYO <\/strong><strong>EK\u0130PMANLARIMIZ\u00a0<\/strong><\/h2>\n<h2 style=\"text-align: center;\"> <strong>VE C\u0130HAZLARIMIZLA<\/strong><\/h2>\n<h2 style=\"text-align: center;\"><strong>S\u0130ZLERE <\/strong><strong>SES\u0130M\u0130Z\u0130<\/strong><\/h2>\n<h2 style=\"text-align: center;\"><strong>EN KAL\u0130TEL\u0130 <\/strong><strong>HAL\u0130 \u0130LE <\/strong><strong>ULA\u015eTIRIYORUZ.<\/strong><\/h2>\n<h1>\n\t\tTV REKLAM SESLEND\u0130RME<br \/>\n\t<\/h1>\n<p>\t<meta itemprop=\"url\" content=\"https:\/\/megafonmedya.com\/wp-content\/uploads\/2026\/01\/sina-pirlanta.mp4\" \/><meta itemprop=\"thumbnail\" content=\"\" \/><div style=\"width: 100px;\" class=\"wp-video\"><!--[if lt IE 9]><script>document.createElement('video');<\/script><![endif]-->\n<video class=\"wp-video-shortcode\" id=\"video-7-1\" width=\"100\" height=\"100\" preload=\"none\" controls=\"controls\"><source type=\"video\/mp4\" src=\"https:\/\/megafonmedya.com\/wp-content\/uploads\/2026\/01\/sina-pirlanta.mp4?_=1\" \/><a href=\"https:\/\/megafonmedya.com\/wp-content\/uploads\/2026\/01\/sina-pirlanta.mp4\">https:\/\/megafonmedya.com\/wp-content\/uploads\/2026\/01\/sina-pirlanta.mp4<\/a><\/video><\/div><br \/>\n\t<meta itemprop=\"url\" content=\"https:\/\/megafonmedya.com\/wp-content\/uploads\/2020\/04\/DOYUYO.mp4\" \/><meta itemprop=\"thumbnail\" content=\"\" \/><div style=\"width: 100px;\" class=\"wp-video\"><video class=\"wp-video-shortcode\" id=\"video-7-2\" width=\"100\" height=\"100\" preload=\"none\" controls=\"controls\"><source type=\"video\/mp4\" src=\"https:\/\/megafonmedya.com\/wp-content\/uploads\/2020\/04\/DOYUYO.mp4?_=2\" \/><a href=\"https:\/\/megafonmedya.com\/wp-content\/uploads\/2020\/04\/DOYUYO.mp4\">https:\/\/megafonmedya.com\/wp-content\/uploads\/2020\/04\/DOYUYO.mp4<\/a><\/video><\/div><br \/>\n\t<meta itemprop=\"url\" content=\"https:\/\/megafonmedya.com\/wp-content\/uploads\/2020\/04\/ENG\u0130NCE-MM.mp4\" \/><meta itemprop=\"thumbnail\" content=\"\" \/><div style=\"width: 100px;\" class=\"wp-video\"><video class=\"wp-video-shortcode\" id=\"video-7-3\" width=\"100\" height=\"100\" preload=\"none\" controls=\"controls\"><source type=\"video\/mp4\" src=\"https:\/\/megafonmedya.com\/wp-content\/uploads\/2020\/04\/ENG\u0130NCE-MM.mp4?_=3\" \/><a href=\"https:\/\/megafonmedya.com\/wp-content\/uploads\/2020\/04\/ENG\u0130NCE-MM.mp4\">https:\/\/megafonmedya.com\/wp-content\/uploads\/2020\/04\/ENG\u0130NCE-MM.mp4<\/a><\/video><\/div><br \/>\n\t<meta itemprop=\"url\" content=\"https:\/\/megafonmedya.com\/wp-content\/uploads\/2020\/04\/DEMDEM.mp4\" \/><meta itemprop=\"thumbnail\" content=\"\" \/><div style=\"width: 100px;\" class=\"wp-video\"><video class=\"wp-video-shortcode\" id=\"video-7-4\" width=\"100\" height=\"100\" preload=\"none\" controls=\"controls\"><source type=\"video\/mp4\" src=\"https:\/\/megafonmedya.com\/wp-content\/uploads\/2020\/04\/DEMDEM.mp4?_=4\" \/><a href=\"https:\/\/megafonmedya.com\/wp-content\/uploads\/2020\/04\/DEMDEM.mp4\">https:\/\/megafonmedya.com\/wp-content\/uploads\/2020\/04\/DEMDEM.mp4<\/a><\/video><\/div><br \/>\n\t<meta itemprop=\"url\" content=\"https:\/\/megafonmedya.com\/wp-content\/uploads\/2020\/04\/LUF\u0130AN-MM.mp4\" \/><meta itemprop=\"thumbnail\" content=\"\" \/><div style=\"width: 100px;\" class=\"wp-video\"><video class=\"wp-video-shortcode\" id=\"video-7-5\" width=\"100\" height=\"100\" preload=\"none\" controls=\"controls\"><source type=\"video\/mp4\" src=\"https:\/\/megafonmedya.com\/wp-content\/uploads\/2020\/04\/LUF\u0130AN-MM.mp4?_=5\" \/><a href=\"https:\/\/megafonmedya.com\/wp-content\/uploads\/2020\/04\/LUF\u0130AN-MM.mp4\">https:\/\/megafonmedya.com\/wp-content\/uploads\/2020\/04\/LUF\u0130AN-MM.mp4<\/a><\/video><\/div><br \/>\n\t<meta itemprop=\"url\" content=\"https:\/\/megafonmedya.com\/wp-content\/uploads\/2020\/04\/B\u0130OBLAS-MM.mp4\" \/><meta itemprop=\"thumbnail\" content=\"\" \/><div style=\"width: 100px;\" class=\"wp-video\"><video class=\"wp-video-shortcode\" id=\"video-7-6\" width=\"100\" height=\"100\" preload=\"none\" controls=\"controls\"><source type=\"video\/mp4\" src=\"https:\/\/megafonmedya.com\/wp-content\/uploads\/2020\/04\/B\u0130OBLAS-MM.mp4?_=6\" \/><a href=\"https:\/\/megafonmedya.com\/wp-content\/uploads\/2020\/04\/B\u0130OBLAS-MM.mp4\">https:\/\/megafonmedya.com\/wp-content\/uploads\/2020\/04\/B\u0130OBLAS-MM.mp4<\/a><\/video><\/div><br \/>\n\t<meta itemprop=\"url\" content=\"https:\/\/megafonmedya.com\/wp-content\/uploads\/2025\/05\/GAMADOR.mp4\" \/><meta itemprop=\"thumbnail\" content=\"\" \/><div style=\"width: 100px;\" class=\"wp-video\"><video class=\"wp-video-shortcode\" id=\"video-7-7\" width=\"100\" height=\"100\" preload=\"none\" controls=\"controls\"><source type=\"video\/mp4\" src=\"https:\/\/megafonmedya.com\/wp-content\/uploads\/2025\/05\/GAMADOR.mp4?_=7\" \/><a href=\"https:\/\/megafonmedya.com\/wp-content\/uploads\/2025\/05\/GAMADOR.mp4\">https:\/\/megafonmedya.com\/wp-content\/uploads\/2025\/05\/GAMADOR.mp4<\/a><\/video><\/div><br \/>\n\t<meta itemprop=\"url\" content=\"https:\/\/megafonmedya.com\/wp-content\/uploads\/2025\/05\/PIRANTECH.mp4\" \/><meta itemprop=\"thumbnail\" content=\"\" \/><div style=\"width: 100px;\" class=\"wp-video\"><video class=\"wp-video-shortcode\" id=\"video-7-8\" width=\"100\" height=\"100\" preload=\"none\" controls=\"controls\"><source type=\"video\/mp4\" src=\"https:\/\/megafonmedya.com\/wp-content\/uploads\/2025\/05\/PIRANTECH.mp4?_=8\" \/><a href=\"https:\/\/megafonmedya.com\/wp-content\/uploads\/2025\/05\/PIRANTECH.mp4\">https:\/\/megafonmedya.com\/wp-content\/uploads\/2025\/05\/PIRANTECH.mp4<\/a><\/video><\/div><br \/>\n\t<meta itemprop=\"url\" content=\"https:\/\/megafonmedya.com\/wp-content\/uploads\/2025\/06\/MASKO.mp4\" \/><meta itemprop=\"thumbnail\" content=\"\" \/><div style=\"width: 100px;\" class=\"wp-video\"><video class=\"wp-video-shortcode\" id=\"video-7-9\" width=\"100\" height=\"100\" preload=\"none\" controls=\"controls\"><source type=\"video\/mp4\" src=\"https:\/\/megafonmedya.com\/wp-content\/uploads\/2025\/06\/MASKO.mp4?_=9\" \/><a href=\"https:\/\/megafonmedya.com\/wp-content\/uploads\/2025\/06\/MASKO.mp4\">https:\/\/megafonmedya.com\/wp-content\/uploads\/2025\/06\/MASKO.mp4<\/a><\/video><\/div><br \/>\n\t<meta itemprop=\"url\" content=\"https:\/\/megafonmedya.com\/wp-content\/uploads\/2025\/06\/BANETTI.mp4\" \/><meta itemprop=\"thumbnail\" content=\"\" \/><div style=\"width: 100px;\" class=\"wp-video\"><video class=\"wp-video-shortcode\" id=\"video-7-10\" width=\"100\" height=\"100\" preload=\"none\" controls=\"controls\"><source type=\"video\/mp4\" src=\"https:\/\/megafonmedya.com\/wp-content\/uploads\/2025\/06\/BANETTI.mp4?_=10\" \/><a href=\"https:\/\/megafonmedya.com\/wp-content\/uploads\/2025\/06\/BANETTI.mp4\">https:\/\/megafonmedya.com\/wp-content\/uploads\/2025\/06\/BANETTI.mp4<\/a><\/video><\/div><br \/>\n\t<meta itemprop=\"url\" content=\"https:\/\/megafonmedya.com\/wp-content\/uploads\/2025\/05\/CILOGLU.mp4\" \/><meta itemprop=\"thumbnail\" content=\"\" \/><div style=\"width: 100px;\" class=\"wp-video\"><video class=\"wp-video-shortcode\" id=\"video-7-11\" width=\"100\" height=\"100\" preload=\"none\" controls=\"controls\"><source type=\"video\/mp4\" src=\"https:\/\/megafonmedya.com\/wp-content\/uploads\/2025\/05\/CILOGLU.mp4?_=11\" \/><a href=\"https:\/\/megafonmedya.com\/wp-content\/uploads\/2025\/05\/CILOGLU.mp4\">https:\/\/megafonmedya.com\/wp-content\/uploads\/2025\/05\/CILOGLU.mp4<\/a><\/video><\/div><br \/>\n\t<meta itemprop=\"url\" content=\"https:\/\/megafonmedya.com\/wp-content\/uploads\/2025\/05\/DUNYAGOZ.mp4\" \/><meta itemprop=\"thumbnail\" content=\"\" \/><div style=\"width: 100px;\" class=\"wp-video\"><video class=\"wp-video-shortcode\" id=\"video-7-12\" width=\"100\" height=\"100\" preload=\"none\" controls=\"controls\"><source type=\"video\/mp4\" src=\"https:\/\/megafonmedya.com\/wp-content\/uploads\/2025\/05\/DUNYAGOZ.mp4?_=12\" \/><a href=\"https:\/\/megafonmedya.com\/wp-content\/uploads\/2025\/05\/DUNYAGOZ.mp4\">https:\/\/megafonmedya.com\/wp-content\/uploads\/2025\/05\/DUNYAGOZ.mp4<\/a><\/video><\/div><br \/>\n\t<meta itemprop=\"url\" content=\"https:\/\/megafonmedya.com\/wp-content\/uploads\/2026\/01\/modalife2.mp4\" \/><meta itemprop=\"thumbnail\" content=\"\" \/><div style=\"width: 100px;\" class=\"wp-video\"><video class=\"wp-video-shortcode\" id=\"video-7-13\" width=\"100\" height=\"100\" preload=\"none\" controls=\"controls\"><source type=\"video\/mp4\" src=\"https:\/\/megafonmedya.com\/wp-content\/uploads\/2026\/01\/modalife2.mp4?_=13\" \/><a href=\"https:\/\/megafonmedya.com\/wp-content\/uploads\/2026\/01\/modalife2.mp4\">https:\/\/megafonmedya.com\/wp-content\/uploads\/2026\/01\/modalife2.mp4<\/a><\/video><\/div><br \/>\n\t<meta itemprop=\"url\" content=\"https:\/\/megafonmedya.com\/wp-content\/uploads\/2017\/12\/O-B\u0130R.mp4\" \/><meta itemprop=\"thumbnail\" content=\"\" \/><div style=\"width: 100px;\" class=\"wp-video\"><video class=\"wp-video-shortcode\" id=\"video-7-14\" width=\"100\" height=\"100\" preload=\"none\" controls=\"controls\"><source type=\"video\/mp4\" src=\"https:\/\/megafonmedya.com\/wp-content\/uploads\/2017\/12\/O-B\u0130R.mp4?_=14\" \/><a href=\"https:\/\/megafonmedya.com\/wp-content\/uploads\/2017\/12\/O-B\u0130R.mp4\">https:\/\/megafonmedya.com\/wp-content\/uploads\/2017\/12\/O-B\u0130R.mp4<\/a><\/video><\/div><br \/>\n\t<meta itemprop=\"url\" content=\"https:\/\/megafonmedya.com\/wp-content\/uploads\/2018\/01\/KOCATEPE.mp4\" \/><meta itemprop=\"thumbnail\" content=\"\" \/><div style=\"width: 100px;\" class=\"wp-video\"><video class=\"wp-video-shortcode\" id=\"video-7-15\" width=\"100\" height=\"100\" preload=\"none\" controls=\"controls\"><source type=\"video\/mp4\" src=\"https:\/\/megafonmedya.com\/wp-content\/uploads\/2018\/01\/KOCATEPE.mp4?_=15\" \/><a href=\"https:\/\/megafonmedya.com\/wp-content\/uploads\/2018\/01\/KOCATEPE.mp4\">https:\/\/megafonmedya.com\/wp-content\/uploads\/2018\/01\/KOCATEPE.mp4<\/a><\/video><\/div><\/p>\n<h1 style=\"text-align: center;\">Tv Reklam<\/h1>\n<h1 style=\"text-align: center;\">Radyo reklam<\/h1>\n<h1 style=\"text-align: center;\">IVR Santral kay\u0131tlar\u0131<\/h1>\n<h1 style=\"text-align: center;\">E\u011fitim okumalar\u0131<\/h1>\n<h1 style=\"text-align: center;\">Belgesel ve Tan\u0131t\u0131m seslendirmeleri<\/h1>\n<h1 style=\"text-align: center;\">Kurumsal anonslar<\/h1>\n<h1 style=\"text-align: center;\">Yabanc\u0131 dil seslendirme<\/h1>\n<h1 style=\"text-align: center;\">Dublaj<\/h1>\n<h1 style=\"text-align: center;\">Jingle Yap\u0131m<\/h1>\n<p>&nbsp;<\/p>\n<h2 style=\"text-align: center;\">S\u0130ZE NASIL YARDIMCI OLAB\u0130L\u0130R\u0130Z.?<\/h2>\n<p style=\"text-align: center;\">\n<h2>\n\t\tJ\u0130NGLE YAPIM<br \/>\n\t<\/h2>\n<p>\t<iframe loading=\"lazy\" width=\"100%\" height=\"166\" scrolling=\"no\" frameborder=\"no\" allow=\"autoplay\" src=\"https:\/\/w.soundcloud.com\/player\/?url=https%3A\/\/api.soundcloud.com\/tracks\/805356583%3Fsecret_token%3Ds-89Ms0MfzYn7&#038;color=%23ff5500&#038;auto_play=false&#038;hide_related=false&#038;show_comments=true&#038;show_user=true&#038;show_reposts=false&#038;show_teaser=true\"><\/iframe><br \/>\n<iframe loading=\"lazy\" width=\"100%\" height=\"166\" scrolling=\"no\" frameborder=\"no\" allow=\"autoplay\" src=\"https:\/\/w.soundcloud.com\/player\/?url=https%3A\/\/api.soundcloud.com\/tracks\/805367686%3Fsecret_token%3Ds-i8zxA0JFuLn&#038;color=%23ff5500&#038;auto_play=false&#038;hide_related=false&#038;show_comments=true&#038;show_user=true&#038;show_reposts=false&#038;show_teaser=true\"><\/iframe><a href=\"https:\/\/soundcloud.com\/megafon-medya\" title=\"MEGAFON MEDYA\" target=\"_blank\" style=\"color: #cccccc; text-decoration: none;\" rel=\"noopener\">MEGAFON MEDYA<\/a> \u00b7 <a href=\"https:\/\/soundcloud.com\/megafon-medya\/ozyorem\/s-i8zxA0JFuLn\" title=\"\u00d6ZY\u00d6REM\" target=\"_blank\" style=\"color: #cccccc; text-decoration: none;\" rel=\"noopener\">\u00d6ZY\u00d6REM<\/a><br \/>\n\t<iframe loading=\"lazy\" width=\"100%\" height=\"166\" scrolling=\"no\" frameborder=\"no\" allow=\"autoplay\" src=\"https:\/\/w.soundcloud.com\/player\/?url=https%3A\/\/api.soundcloud.com\/tracks\/805368490%3Fsecret_token%3Ds-vu6yYF2oh7r&#038;color=%23ff5500&#038;auto_play=false&#038;hide_related=false&#038;show_comments=true&#038;show_user=true&#038;show_reposts=false&#038;show_teaser=true\"><\/iframe><br \/>\n<iframe loading=\"lazy\" width=\"100%\" height=\"166\" scrolling=\"no\" frameborder=\"no\" allow=\"autoplay\" src=\"https:\/\/w.soundcloud.com\/player\/?url=https%3A\/\/api.soundcloud.com\/tracks\/805353502%3Fsecret_token%3Ds-hsIqvmRn0w2&#038;color=%23ff5500&#038;auto_play=false&#038;hide_related=false&#038;show_comments=true&#038;show_user=true&#038;show_reposts=false&#038;show_teaser=true\"><\/iframe><a href=\"https:\/\/soundcloud.com\/megafon-medya\" title=\"MEGAFON MEDYA\" target=\"_blank\" style=\"color: #cccccc; text-decoration: none;\" rel=\"noopener\">MEGAFON MEDYA<\/a> \u00b7 <a href=\"https:\/\/soundcloud.com\/megafon-medya\/cengiz-pakel\/s-hsIqvmRn0w2\" title=\"CENG\u0130Z PAKEL\" target=\"_blank\" style=\"color: #cccccc; text-decoration: none;\" rel=\"noopener\">CENG\u0130Z PAKEL<\/a><br \/>\n\t<iframe loading=\"lazy\" width=\"100%\" height=\"166\" scrolling=\"no\" frameborder=\"no\" allow=\"autoplay\" src=\"https:\/\/w.soundcloud.com\/player\/?url=https%3A\/\/api.soundcloud.com\/tracks\/805365028%3Fsecret_token%3Ds-NrgDvODrKFA&#038;color=%23ff5500&#038;auto_play=false&#038;hide_related=false&#038;show_comments=true&#038;show_user=true&#038;show_reposts=false&#038;show_teaser=true\"><\/iframe><br \/>\n<iframe loading=\"lazy\" width=\"100%\" height=\"166\" scrolling=\"no\" frameborder=\"no\" allow=\"autoplay\" src=\"https:\/\/w.soundcloud.com\/player\/?url=https%3A\/\/api.soundcloud.com\/tracks\/805363999%3Fsecret_token%3Ds-PSuogOj6hJP&#038;color=%23ff5500&#038;auto_play=false&#038;hide_related=false&#038;show_comments=true&#038;show_user=true&#038;show_reposts=false&#038;show_teaser=true\"><\/iframe><a href=\"https:\/\/soundcloud.com\/megafon-medya\" title=\"MEGAFON MEDYA\" target=\"_blank\" style=\"color: #cccccc; text-decoration: none;\" rel=\"noopener\">MEGAFON MEDYA<\/a> \u00b7 <a href=\"https:\/\/soundcloud.com\/megafon-medya\/radyo-brt\/s-PSuogOj6hJP\" title=\"RADYO BRT\" target=\"_blank\" style=\"color: #cccccc; text-decoration: none;\" rel=\"noopener\">RADYO BRT<\/a><\/p>\n<h2 style=\"text-align: center;\"><strong>Firman\u0131za, markan\u0131za <\/strong><strong>ya da projenize <\/strong><strong>\u00f6zel, beste mi yapt\u0131rmak istiyorsunuz.?<\/strong><\/h2>\n<h2 style=\"text-align: center;\"><strong>Megafon Medya sizin i\u00e7in en do\u011fru se\u00e7im.<\/strong><\/h2>\n<h2 style=\"text-align: center;\">Jingle ar\u015fivimize g\u00f6z atmak ister misiniz.?<\/h2>\n<p style=\"text-align: left;\">\n\t<a href=\"https:\/\/megafonmedya.com\/index.php\/hizmetlerimiz\/\" target=\"_self\" role=\"button\" rel=\"noopener\"><br \/>\n\t\t\t\t\t\tTIKLAYIN<br \/>\n\t\t\t\t\t<\/a><\/p>\n<h3>\n\t\t B\u0130LD\u0130\u011e\u0130M\u0130Z \u0130\u015e\u0130 YAPIYORUZ<br \/>\n\t<\/h3>\n<h2>\n\t\tS\u0130ZLERE HIZLI VE KAL\u0130TEL\u0130 \u00c7\u00d6Z\u00dcM SUNUYORUZ<br \/>\n\t<\/h2>\n<h2>\n\t\tProje Ortaklar\u0131 ve Referanslar\u0131m\u0131z<br \/>\n\t<\/h2>\n","protected":false},"excerpt":{"rendered":"<p>SESLEND\u0130RME VE PROD\u00dcKS\u0130YON AJANSI Megafon Medya bug\u00fcn\u00fcn i\u015fini yar\u0131na b\u0131rakmayan h\u0131zl\u0131, \u00fcretken ve dinamik yap\u0131s\u0131; profesyonel kadrosu ve seslendirme sanat\u00e7\u0131lar\u0131 ile m\u00fc\u015fterilerine her zaman beklentilerinin daha fazlas\u0131n\u0131 sunmay\u0131 ama\u00e7 edinmi\u015ftir. GEL\u0130\u015eM\u0130\u015e ST\u00dcDYO EK\u0130PMANLARIMIZ\u00a0 VE C\u0130HAZLARIMIZLA S\u0130ZLERE SES\u0130M\u0130Z\u0130 EN KAL\u0130TEL\u0130 HAL\u0130 \u0130LE ULA\u015eTIRIYORUZ. TV REKLAM SESLEND\u0130RME Tv Reklam Radyo reklam IVR Santral kay\u0131tlar\u0131 E\u011fitim okumalar\u0131 Belgesel [&hellip;]<\/p>\n","protected":false},"author":1,"featured_media":0,"parent":0,"menu_order":0,"comment_status":"closed","ping_status":"closed","template":"","meta":[],"_links":{"self":[{"href":"https:\/\/megafonmedya.com\/index.php\/wp-json\/wp\/v2\/pages\/7"}],"collection":[{"href":"https:\/\/megafonmedya.com\/index.php\/wp-json\/wp\/v2\/pages"}],"about":[{"href":"https:\/\/megafonmedya.com\/index.php\/wp-json\/wp\/v2\/types\/page"}],"author":[{"embeddable":true,"href":"https:\/\/megafonmedya.com\/index.php\/wp-json\/wp\/v2\/users\/1"}],"replies":[{"embeddable":true,"href":"https:\/\/megafonmedya.com\/index.php\/wp-json\/wp\/v2\/comments?post=7"}],"version-history":[{"count":309,"href":"https:\/\/megafonmedya.com\/index.php\/wp-json\/wp\/v2\/pages\/7\/revisions"}],"predecessor-version":[{"id":3341,"href":"https:\/\/megafonmedya.com\/index.php\/wp-json\/wp\/v2\/pages\/7\/revisions\/3341"}],"wp:attachment":[{"href":"https:\/\/megafonmedya.com\/index.php\/wp-json\/wp\/v2\/media?parent=7"}],"curies":[{"name":"wp","href":"https:\/\/api.w.org\/{rel}","templated":true}]}}