{"id":9,"date":"2017-08-12T23:48:05","date_gmt":"2017-08-12T20:48:05","guid":{"rendered":"http:\/\/megafonmedya.com\/?page_id=9"},"modified":"2026-04-08T17:07:31","modified_gmt":"2026-04-08T14:07:31","slug":"iletisim","status":"publish","type":"page","link":"https:\/\/megafonmedya.com\/index.php\/iletisim\/","title":{"rendered":""},"content":{"rendered":"<p>\t<iframe loading=\"lazy\" src=\"https:\/\/maps.google.com\/maps?q=Akp%C4%B1nar+Mahallesi%2C+Ahmet+Yesevi+Cd.&#038;iwloc=near&#038;output=embed\" width=\"100%\" height=\"350px\" frameborder=\"0\" style=\"border:0\"><\/iframe><\/p>\n<h3>\n\t\t\u0130LET\u0130\u015e\u0130M DETAYLARI<br \/>\n\t<\/h3>\n<h3>Megafon Medya<\/h3>\n<h3>\u00c7ankaya\/ANKARA<\/h3>\n<h4>megafonmedya@outlook.com<\/h4>\n<h4>0 537 250 25 62<\/h4>\n<h4>0 501 007 25 62<\/h4>\n<h4><\/h4>\n<h4 style=\"text-align: left;\"><b>\u00c7al\u0131\u015fma saatleri\u00a0 <\/b><\/h4>\n<h5 style=\"text-align: left;\"><b>Hafta i\u00e7i\u00a0 \u00a0<\/b><b>09:00\u00a0 \u00a018:00<\/b><\/h5>\n<h5><b>Cumartesi\u00a0<\/b><b>09:00\u00a0 \u00a014:30<\/b><\/h5>\n<h6><\/h6>\n<p>&nbsp;<\/p>\n","protected":false},"excerpt":{"rendered":"<p>\u0130LET\u0130\u015e\u0130M DETAYLARI Megafon Medya \u00c7ankaya\/ANKARA megafonmedya@outlook.com 0 537 250 25 62 0 501 007 25 62 \u00c7al\u0131\u015fma saatleri\u00a0 Hafta i\u00e7i\u00a0 \u00a009:00\u00a0 \u00a018:00 Cumartesi\u00a009:00\u00a0 \u00a014:30 &nbsp;<\/p>\n","protected":false},"author":1,"featured_media":0,"parent":0,"menu_order":0,"comment_status":"closed","ping_status":"closed","template":"","meta":[],"_links":{"self":[{"href":"https:\/\/megafonmedya.com\/index.php\/wp-json\/wp\/v2\/pages\/9"}],"collection":[{"href":"https:\/\/megafonmedya.com\/index.php\/wp-json\/wp\/v2\/pages"}],"about":[{"href":"https:\/\/megafonmedya.com\/index.php\/wp-json\/wp\/v2\/types\/page"}],"author":[{"embeddable":true,"href":"https:\/\/megafonmedya.com\/index.php\/wp-json\/wp\/v2\/users\/1"}],"replies":[{"embeddable":true,"href":"https:\/\/megafonmedya.com\/index.php\/wp-json\/wp\/v2\/comments?post=9"}],"version-history":[{"count":27,"href":"https:\/\/megafonmedya.com\/index.php\/wp-json\/wp\/v2\/pages\/9\/revisions"}],"predecessor-version":[{"id":3343,"href":"https:\/\/megafonmedya.com\/index.php\/wp-json\/wp\/v2\/pages\/9\/revisions\/3343"}],"wp:attachment":[{"href":"https:\/\/megafonmedya.com\/index.php\/wp-json\/wp\/v2\/media?parent=9"}],"curies":[{"name":"wp","href":"https:\/\/api.w.org\/{rel}","templated":true}]}}